{"id":206,"date":"2022-09-19T15:30:52","date_gmt":"2022-09-19T13:30:52","guid":{"rendered":"https:\/\/radni.riva.rs\/?page_id=206"},"modified":"2022-09-28T08:29:59","modified_gmt":"2022-09-28T06:29:59","slug":"o-nama","status":"publish","type":"page","link":"https:\/\/riva.rs\/en\/o-nama\/","title":{"rendered":"About us"},"content":{"rendered":"<div data-elementor-type=\"wp-page\" data-elementor-id=\"206\" class=\"elementor elementor-206\" data-elementor-post-type=\"page\">\n\t\t\t\t\t\t<section class=\"elementor-section elementor-top-section elementor-element elementor-element-f17c562 elementor-section-height-min-height elementor-section-boxed elementor-section-height-default elementor-section-items-middle\" data-id=\"f17c562\" data-element_type=\"section\" data-settings=\"{&quot;background_background&quot;:&quot;classic&quot;}\">\n\t\t\t\t\t\t<div class=\"elementor-container elementor-column-gap-default\">\n\t\t\t\t\t<div class=\"elementor-column elementor-col-100 elementor-top-column elementor-element elementor-element-edc1a01\" data-id=\"edc1a01\" data-element_type=\"column\">\n\t\t\t<div class=\"elementor-widget-wrap\">\n\t\t\t\t\t\t\t<\/div>\n\t\t<\/div>\n\t\t\t\t\t<\/div>\n\t\t<\/section>\n\t\t\t\t<section class=\"elementor-section elementor-top-section elementor-element elementor-element-56e8edb elementor-section-content-middle elementor-section-boxed elementor-section-height-default elementor-section-height-default\" data-id=\"56e8edb\" data-element_type=\"section\" data-settings=\"{&quot;background_background&quot;:&quot;classic&quot;}\">\n\t\t\t\t\t\t<div class=\"elementor-container elementor-column-gap-default\">\n\t\t\t\t\t<div class=\"elementor-column elementor-col-50 elementor-top-column elementor-element elementor-element-3bc1e0e\" data-id=\"3bc1e0e\" data-element_type=\"column\">\n\t\t\t<div class=\"elementor-widget-wrap elementor-element-populated\">\n\t\t\t\t\t\t<div class=\"elementor-element elementor-element-de393b0 e-transform elementor-invisible elementor-widget elementor-widget-heading\" data-id=\"de393b0\" data-element_type=\"widget\" data-settings=\"{&quot;_animation&quot;:&quot;slideInRight&quot;,&quot;_transform_rotateZ_effect&quot;:{&quot;unit&quot;:&quot;px&quot;,&quot;size&quot;:&quot;&quot;,&quot;sizes&quot;:[]},&quot;_transform_rotateZ_effect_tablet&quot;:{&quot;unit&quot;:&quot;deg&quot;,&quot;size&quot;:&quot;&quot;,&quot;sizes&quot;:[]},&quot;_transform_rotateZ_effect_mobile&quot;:{&quot;unit&quot;:&quot;deg&quot;,&quot;size&quot;:&quot;&quot;,&quot;sizes&quot;:[]}}\" data-widget_type=\"heading.default\">\n\t\t\t\t<div class=\"elementor-widget-container\">\n\t\t\t\t\t<h1 class=\"elementor-heading-title elementor-size-default\">Restaurant Riva<\/h1>\t\t\t\t<\/div>\n\t\t\t\t<\/div>\n\t\t\t\t<div class=\"elementor-element elementor-element-3b352ef elementor-invisible elementor-widget elementor-widget-text-editor\" data-id=\"3b352ef\" data-element_type=\"widget\" data-settings=\"{&quot;_animation&quot;:&quot;slideInLeft&quot;}\" data-widget_type=\"text-editor.default\">\n\t\t\t\t<div class=\"elementor-widget-container\">\n\t\t\t\t\t\t\t\t\t<p>Our restaurant is waiting for you in the most beautiful part of the city, right on the quay of the Ni\u0161ava river and a few minutes' walk from the center. You will be relaxed by the sound of the river, which is right in front of you, while you enjoy on our terrace, tasting our specialties with selected wine.<\/p>\n<p>We prepare Italian specialties for you - pizzas, pastas as well as turkey and chicken steaks and salads. If you are expecting guests, we can deliver the pizzas to your home address for free.<\/p>\t\t\t\t\t\t\t\t<\/div>\n\t\t\t\t<\/div>\n\t\t\t\t\t<\/div>\n\t\t<\/div>\n\t\t\t\t<div class=\"elementor-column elementor-col-50 elementor-top-column elementor-element elementor-element-8b4b5cc\" data-id=\"8b4b5cc\" data-element_type=\"column\">\n\t\t\t<div class=\"elementor-widget-wrap elementor-element-populated\">\n\t\t\t\t\t\t<div class=\"elementor-element elementor-element-9ee85c2 animated-slow elementor-invisible elementor-widget elementor-widget-image\" data-id=\"9ee85c2\" data-element_type=\"widget\" data-settings=\"{&quot;_animation&quot;:&quot;zoomIn&quot;}\" data-widget_type=\"image.default\">\n\t\t\t\t<div class=\"elementor-widget-container\">\n\t\t\t\t\t\t\t\t\t\t\t\t\t\t\t<img fetchpriority=\"high\" decoding=\"async\" width=\"800\" height=\"772\" src=\"https:\/\/riva.rs\/wp-content\/uploads\/2022\/09\/pizza-1024x988.jpg\" class=\"attachment-large size-large wp-image-219\" alt=\"\" srcset=\"https:\/\/riva.rs\/wp-content\/uploads\/2022\/09\/pizza-1024x988.jpg 1024w, https:\/\/riva.rs\/wp-content\/uploads\/2022\/09\/pizza-300x289.jpg 300w, https:\/\/riva.rs\/wp-content\/uploads\/2022\/09\/pizza-768x741.jpg 768w, https:\/\/riva.rs\/wp-content\/uploads\/2022\/09\/pizza-12x12.jpg 12w, https:\/\/riva.rs\/wp-content\/uploads\/2022\/09\/pizza.jpg 1048w\" sizes=\"(max-width: 800px) 100vw, 800px\" \/>\t\t\t\t\t\t\t\t\t\t\t\t\t\t\t<\/div>\n\t\t\t\t<\/div>\n\t\t\t\t\t<\/div>\n\t\t<\/div>\n\t\t\t\t\t<\/div>\n\t\t<\/section>\n\t\t\t\t<section class=\"elementor-section elementor-top-section elementor-element elementor-element-baf0aeb elementor-section-boxed elementor-section-height-default elementor-section-height-default\" data-id=\"baf0aeb\" data-element_type=\"section\" data-settings=\"{&quot;background_background&quot;:&quot;classic&quot;}\">\n\t\t\t\t\t\t<div class=\"elementor-container elementor-column-gap-default\">\n\t\t\t\t\t<div class=\"elementor-column elementor-col-50 elementor-top-column elementor-element elementor-element-3ac117c\" data-id=\"3ac117c\" data-element_type=\"column\">\n\t\t\t<div class=\"elementor-widget-wrap elementor-element-populated\">\n\t\t\t\t\t\t<div class=\"elementor-element elementor-element-41f0f1a elementor-widget elementor-widget-image\" data-id=\"41f0f1a\" data-element_type=\"widget\" data-widget_type=\"image.default\">\n\t\t\t\t<div class=\"elementor-widget-container\">\n\t\t\t\t\t\t\t\t\t\t\t\t\t\t\t<img decoding=\"async\" width=\"800\" height=\"506\" src=\"https:\/\/riva.rs\/wp-content\/uploads\/2022\/09\/riva-spolja.jpg\" class=\"attachment-large size-large wp-image-231\" alt=\"\" srcset=\"https:\/\/riva.rs\/wp-content\/uploads\/2022\/09\/riva-spolja.jpg 1000w, https:\/\/riva.rs\/wp-content\/uploads\/2022\/09\/riva-spolja-300x190.jpg 300w, https:\/\/riva.rs\/wp-content\/uploads\/2022\/09\/riva-spolja-768x486.jpg 768w, https:\/\/riva.rs\/wp-content\/uploads\/2022\/09\/riva-spolja-18x12.jpg 18w\" sizes=\"(max-width: 800px) 100vw, 800px\" \/>\t\t\t\t\t\t\t\t\t\t\t\t\t\t\t<\/div>\n\t\t\t\t<\/div>\n\t\t\t\t\t<\/div>\n\t\t<\/div>\n\t\t\t\t<div class=\"elementor-column elementor-col-50 elementor-top-column elementor-element elementor-element-2aeb0ce\" data-id=\"2aeb0ce\" data-element_type=\"column\">\n\t\t\t<div class=\"elementor-widget-wrap elementor-element-populated\">\n\t\t\t\t\t\t<div class=\"elementor-element elementor-element-abb61fe elementor-invisible elementor-widget elementor-widget-text-editor\" data-id=\"abb61fe\" data-element_type=\"widget\" data-settings=\"{&quot;_animation&quot;:&quot;slideInLeft&quot;}\" data-widget_type=\"text-editor.default\">\n\t\t\t\t<div class=\"elementor-widget-container\">\n\t\t\t\t\t\t\t\t\t<p>A unique blend of contemporary and traditional flavors with carefully selected wines from Serbia, the region and Europe will turn every your moment into a true fireworks display of unrepeatable enjoyment.<\/p><p>Welcome to a restaurant with over twenty years of tradition.<\/p>\t\t\t\t\t\t\t\t<\/div>\n\t\t\t\t<\/div>\n\t\t\t\t\t<\/div>\n\t\t<\/div>\n\t\t\t\t\t<\/div>\n\t\t<\/section>\n\t\t\t\t<\/div>","protected":false},"excerpt":{"rendered":"<p>Restoran Riva U najlep\u0161em delu grada, na samom keju i par minuta pe\u0161ice od centra, \u010deka Vas na\u0161 restoran. Opusti\u0107e Vas zvuk reke, koja je tu odmah ispred Vas, dok u\u017eivate na na\u0161oj terasi, degustiraju\u0107i na\u0161e specijaitete uz probrano vino. Spremamo za Vas italijanske specijalitete \u2013 pice, paste kao i \u0107ure\u0107e i pile\u0107e stejkove i [&hellip;]<\/p>","protected":false},"author":1,"featured_media":0,"parent":0,"menu_order":0,"comment_status":"closed","ping_status":"closed","template":"","meta":{"footnotes":""},"class_list":["post-206","page","type-page","status-publish","hentry"],"yoast_head":"<!-- This site is optimized with the Yoast SEO plugin v25.6 - https:\/\/yoast.com\/wordpress\/plugins\/seo\/ -->\n<title>O nama - Restoran RIVA Ni\u0161<\/title>\n<meta name=\"robots\" content=\"index, follow, max-snippet:-1, max-image-preview:large, max-video-preview:-1\" \/>\n<link rel=\"canonical\" href=\"https:\/\/riva.rs\/en\/o-nama\/\" \/>\n<meta property=\"og:locale\" content=\"en_GB\" \/>\n<meta property=\"og:type\" content=\"article\" \/>\n<meta property=\"og:title\" content=\"O nama - Restoran RIVA Ni\u0161\" \/>\n<meta property=\"og:description\" content=\"Restoran Riva U najlep\u0161em delu grada, na samom keju i par minuta pe\u0161ice od centra, \u010deka Vas na\u0161 restoran. Opusti\u0107e Vas zvuk reke, koja je tu odmah ispred Vas, dok u\u017eivate na na\u0161oj terasi, degustiraju\u0107i na\u0161e specijaitete uz probrano vino. Spremamo za Vas italijanske specijalitete \u2013 pice, paste kao i \u0107ure\u0107e i pile\u0107e stejkove i [&hellip;]\" \/>\n<meta property=\"og:url\" content=\"https:\/\/riva.rs\/en\/o-nama\/\" \/>\n<meta property=\"og:site_name\" content=\"Restoran RIVA Ni\u0161\" \/>\n<meta property=\"article:modified_time\" content=\"2022-09-28T06:29:59+00:00\" \/>\n<meta property=\"og:image\" content=\"https:\/\/radni.riva.rs\/wp-content\/uploads\/2022\/09\/pizza-1024x988.jpg\" \/>\n<meta name=\"twitter:card\" content=\"summary_large_image\" \/>\n<meta name=\"twitter:label1\" content=\"Estimated reading time\" \/>\n\t<meta name=\"twitter:data1\" content=\"1 minute\" \/>\n<script type=\"application\/ld+json\" class=\"yoast-schema-graph\">{\"@context\":\"https:\/\/schema.org\",\"@graph\":[{\"@type\":\"WebPage\",\"@id\":\"https:\/\/riva.rs\/o-nama\/\",\"url\":\"https:\/\/riva.rs\/o-nama\/\",\"name\":\"O nama - Restoran RIVA Ni\u0161\",\"isPartOf\":{\"@id\":\"https:\/\/riva.rs\/#website\"},\"primaryImageOfPage\":{\"@id\":\"https:\/\/riva.rs\/o-nama\/#primaryimage\"},\"image\":{\"@id\":\"https:\/\/riva.rs\/o-nama\/#primaryimage\"},\"thumbnailUrl\":\"https:\/\/radni.riva.rs\/wp-content\/uploads\/2022\/09\/pizza-1024x988.jpg\",\"datePublished\":\"2022-09-19T13:30:52+00:00\",\"dateModified\":\"2022-09-28T06:29:59+00:00\",\"breadcrumb\":{\"@id\":\"https:\/\/riva.rs\/o-nama\/#breadcrumb\"},\"inLanguage\":\"en-GB\",\"potentialAction\":[{\"@type\":\"ReadAction\",\"target\":[\"https:\/\/riva.rs\/o-nama\/\"]}]},{\"@type\":\"ImageObject\",\"inLanguage\":\"en-GB\",\"@id\":\"https:\/\/riva.rs\/o-nama\/#primaryimage\",\"url\":\"https:\/\/radni.riva.rs\/wp-content\/uploads\/2022\/09\/pizza-1024x988.jpg\",\"contentUrl\":\"https:\/\/radni.riva.rs\/wp-content\/uploads\/2022\/09\/pizza-1024x988.jpg\"},{\"@type\":\"BreadcrumbList\",\"@id\":\"https:\/\/riva.rs\/o-nama\/#breadcrumb\",\"itemListElement\":[{\"@type\":\"ListItem\",\"position\":1,\"name\":\"\u041f\u043e\u0447\u0435\u0442\u043d\u0430\",\"item\":\"https:\/\/riva.rs\/\"},{\"@type\":\"ListItem\",\"position\":2,\"name\":\"O nama\"}]},{\"@type\":\"WebSite\",\"@id\":\"https:\/\/riva.rs\/#website\",\"url\":\"https:\/\/riva.rs\/\",\"name\":\"Restoran RIVA Ni\u0161\",\"description\":\"\",\"publisher\":{\"@id\":\"https:\/\/riva.rs\/#organization\"},\"potentialAction\":[{\"@type\":\"SearchAction\",\"target\":{\"@type\":\"EntryPoint\",\"urlTemplate\":\"https:\/\/riva.rs\/?s={search_term_string}\"},\"query-input\":{\"@type\":\"PropertyValueSpecification\",\"valueRequired\":true,\"valueName\":\"search_term_string\"}}],\"inLanguage\":\"en-GB\"},{\"@type\":\"Organization\",\"@id\":\"https:\/\/riva.rs\/#organization\",\"name\":\"Restoran RIVA Ni\u0161\",\"url\":\"https:\/\/riva.rs\/\",\"logo\":{\"@type\":\"ImageObject\",\"inLanguage\":\"en-GB\",\"@id\":\"https:\/\/riva.rs\/#\/schema\/logo\/image\/\",\"url\":\"https:\/\/riva.rs\/wp-content\/uploads\/2022\/09\/riva-logo-gold.png\",\"contentUrl\":\"https:\/\/riva.rs\/wp-content\/uploads\/2022\/09\/riva-logo-gold.png\",\"width\":400,\"height\":159,\"caption\":\"Restoran RIVA Ni\u0161\"},\"image\":{\"@id\":\"https:\/\/riva.rs\/#\/schema\/logo\/image\/\"}}]}<\/script>\n<!-- \/ Yoast SEO plugin. -->","yoast_head_json":{"title":"O nama - Restoran RIVA Ni\u0161","robots":{"index":"index","follow":"follow","max-snippet":"max-snippet:-1","max-image-preview":"max-image-preview:large","max-video-preview":"max-video-preview:-1"},"canonical":"https:\/\/riva.rs\/en\/o-nama\/","og_locale":"en_GB","og_type":"article","og_title":"O nama - Restoran RIVA Ni\u0161","og_description":"Restoran Riva U najlep\u0161em delu grada, na samom keju i par minuta pe\u0161ice od centra, \u010deka Vas na\u0161 restoran. Opusti\u0107e Vas zvuk reke, koja je tu odmah ispred Vas, dok u\u017eivate na na\u0161oj terasi, degustiraju\u0107i na\u0161e specijaitete uz probrano vino. Spremamo za Vas italijanske specijalitete \u2013 pice, paste kao i \u0107ure\u0107e i pile\u0107e stejkove i [&hellip;]","og_url":"https:\/\/riva.rs\/en\/o-nama\/","og_site_name":"Restoran RIVA Ni\u0161","article_modified_time":"2022-09-28T06:29:59+00:00","og_image":[{"url":"https:\/\/radni.riva.rs\/wp-content\/uploads\/2022\/09\/pizza-1024x988.jpg","type":"","width":"","height":""}],"twitter_card":"summary_large_image","twitter_misc":{"Estimated reading time":"1 minute"},"schema":{"@context":"https:\/\/schema.org","@graph":[{"@type":"WebPage","@id":"https:\/\/riva.rs\/o-nama\/","url":"https:\/\/riva.rs\/o-nama\/","name":"O nama - Restoran RIVA Ni\u0161","isPartOf":{"@id":"https:\/\/riva.rs\/#website"},"primaryImageOfPage":{"@id":"https:\/\/riva.rs\/o-nama\/#primaryimage"},"image":{"@id":"https:\/\/riva.rs\/o-nama\/#primaryimage"},"thumbnailUrl":"https:\/\/radni.riva.rs\/wp-content\/uploads\/2022\/09\/pizza-1024x988.jpg","datePublished":"2022-09-19T13:30:52+00:00","dateModified":"2022-09-28T06:29:59+00:00","breadcrumb":{"@id":"https:\/\/riva.rs\/o-nama\/#breadcrumb"},"inLanguage":"en-GB","potentialAction":[{"@type":"ReadAction","target":["https:\/\/riva.rs\/o-nama\/"]}]},{"@type":"ImageObject","inLanguage":"en-GB","@id":"https:\/\/riva.rs\/o-nama\/#primaryimage","url":"https:\/\/radni.riva.rs\/wp-content\/uploads\/2022\/09\/pizza-1024x988.jpg","contentUrl":"https:\/\/radni.riva.rs\/wp-content\/uploads\/2022\/09\/pizza-1024x988.jpg"},{"@type":"BreadcrumbList","@id":"https:\/\/riva.rs\/o-nama\/#breadcrumb","itemListElement":[{"@type":"ListItem","position":1,"name":"\u041f\u043e\u0447\u0435\u0442\u043d\u0430","item":"https:\/\/riva.rs\/"},{"@type":"ListItem","position":2,"name":"O nama"}]},{"@type":"WebSite","@id":"https:\/\/riva.rs\/#website","url":"https:\/\/riva.rs\/","name":"Restoran RIVA Ni\u0161","description":"","publisher":{"@id":"https:\/\/riva.rs\/#organization"},"potentialAction":[{"@type":"SearchAction","target":{"@type":"EntryPoint","urlTemplate":"https:\/\/riva.rs\/?s={search_term_string}"},"query-input":{"@type":"PropertyValueSpecification","valueRequired":true,"valueName":"search_term_string"}}],"inLanguage":"en-GB"},{"@type":"Organization","@id":"https:\/\/riva.rs\/#organization","name":"Restoran RIVA Ni\u0161","url":"https:\/\/riva.rs\/","logo":{"@type":"ImageObject","inLanguage":"en-GB","@id":"https:\/\/riva.rs\/#\/schema\/logo\/image\/","url":"https:\/\/riva.rs\/wp-content\/uploads\/2022\/09\/riva-logo-gold.png","contentUrl":"https:\/\/riva.rs\/wp-content\/uploads\/2022\/09\/riva-logo-gold.png","width":400,"height":159,"caption":"Restoran RIVA Ni\u0161"},"image":{"@id":"https:\/\/riva.rs\/#\/schema\/logo\/image\/"}}]}},"_links":{"self":[{"href":"https:\/\/riva.rs\/en\/wp-json\/wp\/v2\/pages\/206","targetHints":{"allow":["GET"]}}],"collection":[{"href":"https:\/\/riva.rs\/en\/wp-json\/wp\/v2\/pages"}],"about":[{"href":"https:\/\/riva.rs\/en\/wp-json\/wp\/v2\/types\/page"}],"author":[{"embeddable":true,"href":"https:\/\/riva.rs\/en\/wp-json\/wp\/v2\/users\/1"}],"replies":[{"embeddable":true,"href":"https:\/\/riva.rs\/en\/wp-json\/wp\/v2\/comments?post=206"}],"version-history":[{"count":0,"href":"https:\/\/riva.rs\/en\/wp-json\/wp\/v2\/pages\/206\/revisions"}],"wp:attachment":[{"href":"https:\/\/riva.rs\/en\/wp-json\/wp\/v2\/media?parent=206"}],"curies":[{"name":"wp","href":"https:\/\/api.w.org\/{rel}","templated":true}]}}